{"id":251,"date":"2018-10-24T17:32:06","date_gmt":"2018-10-24T15:32:06","guid":{"rendered":"http:\/\/artusanthony.fr\/?page_id=251"},"modified":"2023-03-11T23:28:47","modified_gmt":"2023-03-11T22:28:47","slug":"charte-du-magnetiseur","status":"publish","type":"page","link":"https:\/\/artusanthony.fr\/index.php\/charte-du-magnetiseur\/","title":{"rendered":"charte du magn\u00e9tiseur"},"content":{"rendered":"<p><center><img decoding=\"async\" class=\"alignnone size-full wp-image-252\" src=\"http:\/\/artusanthony.fr\/wp-content\/uploads\/2018\/10\/Charte__otnrwn.png\" alt=\"\" width=\"212\" height=\"203\"><\/center>Article 1<br \/>\nLe magn\u00e9tiseur doit \u00eatre d\u00e9clar\u00e9 et poss\u00e9der un num\u00e9ro siret.<\/p>\n<p>Article 2<br \/>\nLa pr\u00e9occupation majeure du magn\u00e9tiseur est d&rsquo;assurer au mieux de ses comp\u00e9tences le bien-\u00eatre physique et moral de son client dans le respect des choix de vie de ce dernier.<\/p>\n<p>Article 3<br \/>\nLe magn\u00e9tiseur ne se dit pas dot\u00e9 de pouvoirs particuliers.<\/p>\n<p>Article 4<br \/>\nJamais un magn\u00e9tiseur ne demande d&rsquo;arr\u00eater un traitement m\u00e9dical.<\/p>\n<p>Article 5<br \/>\nIl ne fait pas de diagnostic.<\/p>\n<p>Article 6<br \/>\nIl n&rsquo;h\u00e9site pas \u00e0 vous sugg\u00e9rer d&rsquo;aller consulter un m\u00e9decin traditionnel.<\/p>\n<p>Article 7<br \/>\nUn magn\u00e9tiseur ne fait pas de promesses miraculeuses.<\/p>\n<p>Article 8<br \/>\nLe tarif est raisonnable et est connu d&rsquo;avance.<\/p>\n<p>Article 9<br \/>\nLa dur\u00e9e de la s\u00e9ance est \u00e9galement connue d&rsquo;avance.<\/p>\n<p>Article 10<br \/>\nSauf cas exceptionnel, demander \u00e0 un client de se d\u00e9shabiller est inutile.<\/p>\n<p>Article 11<br \/>\nLe magn\u00e9tiseur assure un suivi gratuit.<\/p>\n<p>Article 12<br \/>\nIl est tenu au secret professionnel.<\/p>\n<p>Article 13<br \/>\nIl ne prend pas en consultation des mineurs de moins de seize ans sans la pr\u00e9sence ou la consultation pr\u00e9alable d&rsquo;un adulte.<\/p>\n<p>Article 14<br \/>\nIl ne prend pas en consultation des personnes handicap\u00e9s mentales sans la pr\u00e9sence d&rsquo;un tuteur l\u00e9gal.<\/p>\n<h3><span style=\"color: #ff0000;\">Les soins par le Magn\u00e9tisme ne doivent pas se substituer \u00e0 un traitement m\u00e9dical.<\/span><br \/>\n<span style=\"color: #ff0000;\">Ces soins sont une aide compl\u00e9mentaire \u00e0 la m\u00e9decine traditionnelle et non une m\u00e9decine alternative.<\/span><br \/>\n<span style=\"color: #ff0000;\">En aucun cas vous ne devez interrompre un traitement en cours ou renoncer \u00e0 une visite ou \u00e0 un examen m\u00e9dical.<\/span><\/h3>\n","protected":false},"excerpt":{"rendered":"<p>Article 1 Le magn\u00e9tiseur doit \u00eatre d\u00e9clar\u00e9 et poss\u00e9der un num\u00e9ro siret. Article 2 La pr\u00e9occupation majeure du magn\u00e9tiseur est d&rsquo;assurer au mieux de ses comp\u00e9tences le bien-\u00eatre physique et moral de son client dans le respect des choix de vie de ce dernier. Article 3 Le magn\u00e9tiseur ne se dit pas dot\u00e9 de pouvoirs [&hellip;]<\/p>\n","protected":false},"author":1,"featured_media":662,"parent":0,"menu_order":0,"comment_status":"closed","ping_status":"closed","template":"","meta":{"footnotes":""},"class_list":["post-251","page","type-page","status-publish","has-post-thumbnail","hentry","entry","has-media"],"aioseo_notices":[],"jetpack_sharing_enabled":true,"_links":{"self":[{"href":"https:\/\/artusanthony.fr\/index.php\/wp-json\/wp\/v2\/pages\/251","targetHints":{"allow":["GET"]}}],"collection":[{"href":"https:\/\/artusanthony.fr\/index.php\/wp-json\/wp\/v2\/pages"}],"about":[{"href":"https:\/\/artusanthony.fr\/index.php\/wp-json\/wp\/v2\/types\/page"}],"author":[{"embeddable":true,"href":"https:\/\/artusanthony.fr\/index.php\/wp-json\/wp\/v2\/users\/1"}],"replies":[{"embeddable":true,"href":"https:\/\/artusanthony.fr\/index.php\/wp-json\/wp\/v2\/comments?post=251"}],"version-history":[{"count":4,"href":"https:\/\/artusanthony.fr\/index.php\/wp-json\/wp\/v2\/pages\/251\/revisions"}],"predecessor-version":[{"id":533,"href":"https:\/\/artusanthony.fr\/index.php\/wp-json\/wp\/v2\/pages\/251\/revisions\/533"}],"wp:featuredmedia":[{"embeddable":true,"href":"https:\/\/artusanthony.fr\/index.php\/wp-json\/wp\/v2\/media\/662"}],"wp:attachment":[{"href":"https:\/\/artusanthony.fr\/index.php\/wp-json\/wp\/v2\/media?parent=251"}],"curies":[{"name":"wp","href":"https:\/\/api.w.org\/{rel}","templated":true}]}}