{"id":315,"date":"2018-11-21T17:49:50","date_gmt":"2018-11-21T16:49:50","guid":{"rendered":"http:\/\/artusanthony.fr\/?page_id=315"},"modified":"2025-10-20T09:33:27","modified_gmt":"2025-10-20T07:33:27","slug":"prestations-et-tarifs-2","status":"publish","type":"page","link":"https:\/\/artusanthony.fr\/index.php\/prestations-et-tarifs-2\/","title":{"rendered":"prestations et tarifs"},"content":{"rendered":"<h3>\u00a0<\/h3>\n<h1><span style=\"color: #0000ff;\"><strong>S\u00e9ance de magn\u00e9tisme<\/strong><\/span><\/h1>\n<h1><span style=\"color: #0000ff;\"><strong>en pr\u00e9sentiel, \u00e0 domicile ou \u00e0 distance sur photo. (1 heure)<\/strong><\/span><\/h1>\n<h4>50 \u20ac la s\u00e9ance,\u00a0probl\u00e8me de peau : zona, coupeur de feu, ecz\u00e9ma, psoriasis, mycose, sciatique, etc \u2026 )<\/h4>\n<h4>40 \u20ac la s\u00e9ance pour les enfants de moins de 12 ans<\/h4>\n<h4>30 \u20ac la s\u00e9ance vers et verrue seulement<\/h4>\n<h4>30 \u20ac magn\u00e9tisme sur animaux sur photo (chats,chiens,cheval)<\/h4>\n<h4>70 \u20ac la s\u00e9ance lib\u00e9ration du tabac (pr\u00e9voir 2 s\u00e9ances dans la plupart des cas)<\/h4>\n<h1><span style=\"color: #0000ff;\"><strong>S\u00e9ance de r\u00e9flexologie auriculaire. <\/strong><\/span><span style=\"color: #0000ff;\"><strong>(1 heure)<\/strong><\/span><span style=\"color: #0000ff;\"><strong>\u00a0<\/strong><\/span><\/h1>\n<h4>50 \u20ac la s\u00e9ance : La stimulation de points ou zones r\u00e9flexes permet au corps de retrouver son \u00e9quilibre (diminuer le stress, la douleur, am\u00e9liorer le sommeil, sciatique, ecz\u00e9ma\u2026). <strong>Elle est aussi beaucoup utilis\u00e9e pour combattre les addictions (alcool, tabac, sucre..).<\/strong><\/h4>\n<h2><span class=\"theming-theme-accent3\" style=\"color: #ff0000;\">La r\u00e9flexologie est d\u00e9conseill\u00e9e :<\/span><\/h2>\n<h2><span class=\"theming-theme-accent3\" style=\"color: #ff0000;\">\u2022 Pendant les\u00a0<strong>3 premiers mois de grossesse<\/strong><\/span><br \/><span class=\"theming-theme-accent3\" style=\"color: #ff0000;\">\u2022 En cas de\u00a0<strong>probl\u00e8mes cardiaques r\u00e9cents<\/strong><\/span><br \/><span class=\"theming-theme-accent3\" style=\"color: #ff0000;\">\u2022 En cas de\u00a0<strong>phl\u00e9bite ou thrombose<\/strong><\/span><br \/><span class=\"theming-theme-accent3\" style=\"color: #ff0000;\">\u2022 En cas de\u00a0<strong>fi\u00e8vre ou infection en cours<\/strong><\/span><\/h2>\n<h2><span class=\"theming-theme-accent3\" style=\"color: #ff0000;\">Pour toute\u00a0<strong>pathologie importante<\/strong>, l\u2019avis de votre m\u00e9decin est indispensable.<\/span><\/h2>\n<h1><span style=\"color: #0000ff;\"><strong>S\u00e9ance \u00e9nerg\u00e9tique personnalis\u00e9. (bilan fait avant)<\/strong><\/span><\/h1>\n<h1><span style=\"color: #0000ff;\"><strong>en pr\u00e9sentiel, \u00e0 domicile ou \u00e0 distance sur photo. (2 heures)<\/strong><\/span><\/h1>\n<h4>70 \u20ac la s\u00e9ance, apaisement \u00e9motionnel, nettoyage \u00e9quilibrage des chakras, ancrage, travail sur les organes pour les rebooster et r\u00e9\u00e9quilibrer leur fonctionnement.<\/h4>\n<h4>70 \u20ac la s\u00e9ance m\u00e9moires :\u00a0 lib\u00e9ration des m\u00e9moires cellulaires, transg\u00e9n\u00e9rationnelles et karmique lorsque vous \u00eates dans des sch\u00e9mas r\u00e9p\u00e9titifs.<\/h4>\n<h1><span style=\"color: #0000ff;\"><strong>G\u00e9obiologie<\/strong><\/span><\/h1>\n<h4>Purification des lieux perturbations \u00e9nerg\u00e9tiques, g\u00e9obiologiques et d\u00e9gagement sur devis personnalis\u00e9.<\/h4>\n<h4>Nettoyage et purification des \u00e9nergies et des m\u00e9moires des lieux ( SEULEMENT ) 80\u20ac en dessous de 100 m\u00e8tre carr\u00e9, si plus de 100 m\u00e8tre carr\u00e9 1\u20ac de plus par m\u00e8tre carr\u00e9<\/h4>\n<h2><span style=\"color: #ff0000;\">Quand consulter un g\u00e9obiologue ?<\/span><\/h2>\n<h2><span class=\"ILfuVd\" lang=\"fr\" style=\"color: #ff0000;\"><span class=\"hgKElc\">Si vous ressentez une certaine fatigue chronique, si vous souffrez d&rsquo;insomnie, d&rsquo;hypersensibilit\u00e9. Si vous \u00eates sujet au stress, aux maux de t\u00eate, si vous ressentez les syndromes de la d\u00e9pression,\u00a0 si vous vous sentez oppress\u00e9, atmosph\u00e8re lourde dedans et vous vous sentez mieux dehors, etc &#8230;<\/span><\/span><\/h2>\n<h2><span class=\"ILfuVd\" lang=\"fr\" style=\"color: #ff0000;\"><span class=\"hgKElc\">Dans un premier temps vous allez d&rsquo;abord vous rendre chez le docteur le plus proche.<\/span><\/span><\/h2>\n\n\n<p><\/p>\n","protected":false},"excerpt":{"rendered":"<p>\u00a0 S\u00e9ance de magn\u00e9tisme en pr\u00e9sentiel, \u00e0 domicile ou \u00e0 distance sur photo. (1 heure) 50 \u20ac la s\u00e9ance,\u00a0probl\u00e8me de peau : zona, coupeur de feu, ecz\u00e9ma, psoriasis, mycose, sciatique, etc \u2026 ) 40 \u20ac la s\u00e9ance pour les enfants de moins de 12 ans 30 \u20ac la s\u00e9ance vers et verrue seulement 30 \u20ac [&hellip;]<\/p>\n","protected":false},"author":1,"featured_media":660,"parent":0,"menu_order":0,"comment_status":"closed","ping_status":"closed","template":"","meta":{"footnotes":""},"class_list":["post-315","page","type-page","status-publish","has-post-thumbnail","hentry","entry","has-media"],"aioseo_notices":[],"jetpack_sharing_enabled":true,"_links":{"self":[{"href":"https:\/\/artusanthony.fr\/index.php\/wp-json\/wp\/v2\/pages\/315","targetHints":{"allow":["GET"]}}],"collection":[{"href":"https:\/\/artusanthony.fr\/index.php\/wp-json\/wp\/v2\/pages"}],"about":[{"href":"https:\/\/artusanthony.fr\/index.php\/wp-json\/wp\/v2\/types\/page"}],"author":[{"embeddable":true,"href":"https:\/\/artusanthony.fr\/index.php\/wp-json\/wp\/v2\/users\/1"}],"replies":[{"embeddable":true,"href":"https:\/\/artusanthony.fr\/index.php\/wp-json\/wp\/v2\/comments?post=315"}],"version-history":[{"count":53,"href":"https:\/\/artusanthony.fr\/index.php\/wp-json\/wp\/v2\/pages\/315\/revisions"}],"predecessor-version":[{"id":857,"href":"https:\/\/artusanthony.fr\/index.php\/wp-json\/wp\/v2\/pages\/315\/revisions\/857"}],"wp:featuredmedia":[{"embeddable":true,"href":"https:\/\/artusanthony.fr\/index.php\/wp-json\/wp\/v2\/media\/660"}],"wp:attachment":[{"href":"https:\/\/artusanthony.fr\/index.php\/wp-json\/wp\/v2\/media?parent=315"}],"curies":[{"name":"wp","href":"https:\/\/api.w.org\/{rel}","templated":true}]}}