{"id":340,"date":"2018-11-29T10:38:10","date_gmt":"2018-11-29T09:38:10","guid":{"rendered":"http:\/\/artusanthony.fr\/?page_id=340"},"modified":"2024-02-16T21:50:56","modified_gmt":"2024-02-16T20:50:56","slug":"que-sont-les-chakras-a-quoi-servent-ils","status":"publish","type":"page","link":"https:\/\/artusanthony.fr\/index.php\/que-sont-les-chakras-a-quoi-servent-ils\/","title":{"rendered":"Que sont les chakras ? A quoi servent-ils ?"},"content":{"rendered":"\t\t<div data-elementor-type=\"wp-page\" data-elementor-id=\"340\" class=\"elementor elementor-340\">\n\t\t\t\t<div class=\"elementor-element elementor-element-6a48fb8f e-flex e-con-boxed e-con e-parent\" data-id=\"6a48fb8f\" data-element_type=\"container\" data-e-type=\"container\">\n\t\t\t\t\t<div class=\"e-con-inner\">\n\t\t\t\t<div class=\"elementor-element elementor-element-e077551 elementor-widget elementor-widget-image\" data-id=\"e077551\" data-element_type=\"widget\" data-e-type=\"widget\" data-widget_type=\"image.default\">\n\t\t\t\t<div class=\"elementor-widget-container\">\n\t\t\t\t\t\t\t\t\t\t\t\t\t\t\t<img fetchpriority=\"high\" decoding=\"async\" width=\"278\" height=\"181\" src=\"https:\/\/artusanthony.fr\/wp-content\/uploads\/2018\/11\/images.jpg\" class=\"attachment-large size-large wp-image-334\" alt=\"\" \/>\t\t\t\t\t\t\t\t\t\t\t\t\t\t\t<\/div>\n\t\t\t\t<\/div>\n\t\t\t\t<div class=\"elementor-element elementor-element-7662ef8d elementor-widget__width-initial elementor-widget elementor-widget-text-editor\" data-id=\"7662ef8d\" data-element_type=\"widget\" data-e-type=\"widget\" data-widget_type=\"text-editor.default\">\n\t\t\t\t<div class=\"elementor-widget-container\">\n\t\t\t\t\t\t\t\t\t<h1 class=\"view-title\">\u00a0<\/h1><div class=\"introduction clearfix\"><h3>Les chakras sont de puissants centres d&rsquo;\u00e9nergie, ils sont en perp\u00e9tuel rotation et dans chacun d\u2019entre eux se d\u00e9verse une \u00e9nergie, un courant vital, une force.<\/h3><h3>Sans cet influx d\u2019\u00e9nergie le corps physique ne pourrait exister. Les centres sont donc actifs chez tout le monde, n\u00e9anmoins, ils peuvent \u00eatre en \u00e9quilibre, en d\u00e9ficience ou en exc\u00e8s.<\/h3><p>\u00a0<\/p><h3>Bien que chez les personnes non d\u00e9velopp\u00e9es, leur mouvement sont en g\u00e9n\u00e9ral juste assez prononc\u00e9 pour offrir \u00e0 l\u2019\u00e9nergie le vortex n\u00e9cessaire pour vivre mais pas plus.<\/h3><h3>Pour les personnes plus \u00e9volu\u00e9es, les chakras sont travers\u00e9s par un flot d\u2019\u00e9nergie consid\u00e9rable avec pour comme r\u00e9sultat pour ces personnes des facult\u00e9s et des possibilit\u00e9s additionnelles.<\/h3><\/div><p>\u00a0<\/p><p>\u00a0<\/p><div class=\"introduction clearfix\"><h3>Les chakras sont donc : des puissants centres d&rsquo;\u00e9nergie de l&rsquo;\u00e2me.<\/h3><h3>Chacun a une fonction distincte ainsi que certains \u00ab\u00a0pouvoirs\u00a0\u00bb sp\u00e9cifiques. La sant\u00e9 de nos chakras affecte notre sant\u00e9 physique, \u00e9motionnel et mental.<\/h3><h3>Les chakras (centres de force) sont des points de liaison par o\u00f9 l&rsquo;\u00e9nergie passe d&rsquo;un corps \u00e0 un autre. Toute personne clairvoyante peut facilement les distinguer dans le double \u00e9th\u00e9rique. Ils se pr\u00e9sentent en surface comme des concavit\u00e9s en forme de soucoupes ou comme des tourbillons.<\/h3><\/div><p>\u00a0<\/p><p>\u00a0<\/p><div class=\"introduction clearfix\"><ul><li><h3>Chez l&rsquo;homme ordinaire : ils \u00e9mettent une faible lueur.<\/h3><\/li><li><h3>Chez l&rsquo;homme \u00e9veill\u00e9 : ils ressemblent \u00e0 des tourbillons enflamm\u00e9s et scintillant.<\/h3><\/li><li><h3>Chez les \u00ab\u00a0grands\u00a0\u00bb hommes : ils ressemblent \u00e0 des soleils en miniature.<\/h3><\/li><\/ul><\/div>\t\t\t\t\t\t\t\t<\/div>\n\t\t\t\t<\/div>\n\t\t\t\t\t<\/div>\n\t\t\t\t<\/div>\n\t\t\t\t<\/div>\n\t\t","protected":false},"excerpt":{"rendered":"<p>\u00a0 Les chakras sont de puissants centres d&rsquo;\u00e9nergie, ils sont en perp\u00e9tuel rotation et dans chacun d\u2019entre eux se d\u00e9verse une \u00e9nergie, un courant vital, une force. Sans cet influx d\u2019\u00e9nergie le corps physique ne pourrait exister. Les centres sont donc actifs chez tout le monde, n\u00e9anmoins, ils peuvent \u00eatre en \u00e9quilibre, en d\u00e9ficience ou [&hellip;]<\/p>\n","protected":false},"author":1,"featured_media":334,"parent":0,"menu_order":0,"comment_status":"closed","ping_status":"closed","template":"","meta":{"footnotes":""},"class_list":["post-340","page","type-page","status-publish","has-post-thumbnail","hentry","entry","has-media"],"aioseo_notices":[],"jetpack_sharing_enabled":true,"_links":{"self":[{"href":"https:\/\/artusanthony.fr\/index.php\/wp-json\/wp\/v2\/pages\/340","targetHints":{"allow":["GET"]}}],"collection":[{"href":"https:\/\/artusanthony.fr\/index.php\/wp-json\/wp\/v2\/pages"}],"about":[{"href":"https:\/\/artusanthony.fr\/index.php\/wp-json\/wp\/v2\/types\/page"}],"author":[{"embeddable":true,"href":"https:\/\/artusanthony.fr\/index.php\/wp-json\/wp\/v2\/users\/1"}],"replies":[{"embeddable":true,"href":"https:\/\/artusanthony.fr\/index.php\/wp-json\/wp\/v2\/comments?post=340"}],"version-history":[{"count":8,"href":"https:\/\/artusanthony.fr\/index.php\/wp-json\/wp\/v2\/pages\/340\/revisions"}],"predecessor-version":[{"id":787,"href":"https:\/\/artusanthony.fr\/index.php\/wp-json\/wp\/v2\/pages\/340\/revisions\/787"}],"wp:featuredmedia":[{"embeddable":true,"href":"https:\/\/artusanthony.fr\/index.php\/wp-json\/wp\/v2\/media\/334"}],"wp:attachment":[{"href":"https:\/\/artusanthony.fr\/index.php\/wp-json\/wp\/v2\/media?parent=340"}],"curies":[{"name":"wp","href":"https:\/\/api.w.org\/{rel}","templated":true}]}}