{"id":7,"date":"2018-07-12T10:47:25","date_gmt":"2018-07-12T08:47:25","guid":{"rendered":"http:\/\/artusanthony.fr\/?page_id=7"},"modified":"2021-05-23T21:40:08","modified_gmt":"2021-05-23T19:40:08","slug":"accueil","status":"publish","type":"page","link":"https:\/\/artusanthony.fr\/index.php\/accueil\/","title":{"rendered":"accueil"},"content":{"rendered":"<h2 style=\"text-align: center;\"><strong>Prendre soin de soi, de son corps et de son esprit<br \/>\n<\/strong><\/h2>\n<p>Form\u00e9 aux soins \u00e9nerg\u00e9tiques ( Magn\u00e9tisme, Th\u00e9rapie d\u2019 Energie Int\u00e9gr\u00e9e,&nbsp; Reiki ),&nbsp; je vous accompagne dans votre recherche du bien \u00eatre int\u00e9rieur, la lib\u00e9ration de vos \u00e9motions bloqu\u00e9es, les probl\u00e8mes de peau .<\/p>\n<h3 style=\"text-align: center;\"><span style=\"color: #ff0000;\">Prenez soins de votre corps, c&rsquo; est le seul endroit o\u00f9 vous \u00eates oblig\u00e9s de vivre<\/span><\/h3>\n<p><img fetchpriority=\"high\" decoding=\"async\" class=\"wp-image-283 aligncenter\" src=\"http:\/\/artusanthony.fr\/wp-content\/uploads\/2018\/10\/3115772161_1_4_tX2Wn0Li-300x232.jpg\" alt=\"\" width=\"521\" height=\"403\" srcset=\"https:\/\/artusanthony.fr\/wp-content\/uploads\/2018\/10\/3115772161_1_4_tX2Wn0Li-300x232.jpg 300w, https:\/\/artusanthony.fr\/wp-content\/uploads\/2018\/10\/3115772161_1_4_tX2Wn0Li.jpg 400w\" sizes=\"(max-width: 521px) 100vw, 521px\" \/><\/p>\n<div id=\"js_wb\" class=\"_5pbx userContent _3ds9 _3576\" data-ft=\"{&quot;tn&quot;:&quot;K&quot;}\"><\/div>\n<p style=\"text-align: center;\"><strong><span style=\"color: #ff0000;\">&nbsp;<\/span><\/strong><\/p>\n","protected":false},"excerpt":{"rendered":"<p>Prendre soin de soi, de son corps et de son esprit Form\u00e9 aux soins \u00e9nerg\u00e9tiques ( Magn\u00e9tisme, Th\u00e9rapie d\u2019 Energie Int\u00e9gr\u00e9e,&nbsp; Reiki ),&nbsp; je vous accompagne dans votre recherche du bien \u00eatre int\u00e9rieur, la lib\u00e9ration de vos \u00e9motions bloqu\u00e9es, les probl\u00e8mes de peau . Prenez soins de votre corps, c&rsquo; est le seul endroit o\u00f9 [&hellip;]<\/p>\n","protected":false},"author":1,"featured_media":545,"parent":0,"menu_order":1,"comment_status":"closed","ping_status":"closed","template":"","meta":{"footnotes":""},"class_list":["post-7","page","type-page","status-publish","has-post-thumbnail","hentry","entry","has-media"],"aioseo_notices":[],"jetpack_sharing_enabled":true,"_links":{"self":[{"href":"https:\/\/artusanthony.fr\/index.php\/wp-json\/wp\/v2\/pages\/7","targetHints":{"allow":["GET"]}}],"collection":[{"href":"https:\/\/artusanthony.fr\/index.php\/wp-json\/wp\/v2\/pages"}],"about":[{"href":"https:\/\/artusanthony.fr\/index.php\/wp-json\/wp\/v2\/types\/page"}],"author":[{"embeddable":true,"href":"https:\/\/artusanthony.fr\/index.php\/wp-json\/wp\/v2\/users\/1"}],"replies":[{"embeddable":true,"href":"https:\/\/artusanthony.fr\/index.php\/wp-json\/wp\/v2\/comments?post=7"}],"version-history":[{"count":32,"href":"https:\/\/artusanthony.fr\/index.php\/wp-json\/wp\/v2\/pages\/7\/revisions"}],"predecessor-version":[{"id":596,"href":"https:\/\/artusanthony.fr\/index.php\/wp-json\/wp\/v2\/pages\/7\/revisions\/596"}],"wp:featuredmedia":[{"embeddable":true,"href":"https:\/\/artusanthony.fr\/index.php\/wp-json\/wp\/v2\/media\/545"}],"wp:attachment":[{"href":"https:\/\/artusanthony.fr\/index.php\/wp-json\/wp\/v2\/media?parent=7"}],"curies":[{"name":"wp","href":"https:\/\/api.w.org\/{rel}","templated":true}]}}